{"id":4422,"date":"2023-07-13T04:28:15","date_gmt":"2023-07-13T08:28:15","guid":{"rendered":"https:\/\/www.erpsuccesspartners.com\/?page_id=4422"},"modified":"2025-05-16T05:49:44","modified_gmt":"2025-05-16T09:49:44","slug":"workforce-culture","status":"publish","type":"page","link":"https:\/\/www.erpsuccesspartners.com\/fr\/news\/workforce-culture\/","title":{"rendered":"Culture de la main-d&#039;\u0153uvre"},"content":{"rendered":"\n[et_pb_section fb_built=&#8221;1&#8243; _builder_version=&#8221;4.21.0&#8243; _module_preset=&#8221;default&#8221; background_color=&#8221;RGBA(255,255,255,0)&#8221; use_background_color_gradient=&#8221;on&#8221; background_color_gradient_direction=&#8221;243deg&#8221; background_color_gradient_stops=&#8221;#0738ed 0%|#0a367d 100%&#8221; background_color_gradient_start=&#8221;#052abe&#8221; background_color_gradient_end=&#8221;#0a367d&#8221; background_image=&#8221;https:\/\/www.erpsuccesspartners.com\/wp-content\/uploads\/2023\/07\/Banner-2-web.jpg&#8221; background_blend=&#8221;soft-light&#8221; hover_enabled=&#8221;0&#8243; global_colors_info=&#8221;{}&#8221; sticky_enabled=&#8221;0&#8243; title_text=&#8221;ESP Workforce Culture&#8221;][et_pb_row _builder_version=&#8221;4.16&#8243; _module_preset=&#8221;default&#8221; global_colors_info=&#8221;{}&#8221;][et_pb_column type=&#8221;4_4&#8243; _builder_version=&#8221;4.16&#8243; _module_preset=&#8221;default&#8221; global_colors_info=&#8221;{}&#8221;][et_pb_text module_class=&#8221;section-title-left&#8221; _builder_version=&#8221;4.21.0&#8243; text_font=&#8221;Montserrat||||||||&#8221; text_text_color=&#8221;#FCFCFC&#8221; text_font_size=&#8221;36px&#8221; text_line_height=&#8221;39px&#8221; header_font=&#8221;||||||||&#8221; header_2_font=&#8221;||||||||&#8221; background_color=&#8221;rgba(0,0,0,0)&#8221; custom_margin=&#8221;55px||0px||false|false&#8221; custom_margin_tablet=&#8221;82px||35px|0px|false|false&#8221; custom_margin_phone=&#8221;20px||20px|0px|true|false&#8221; custom_margin_last_edited=&#8221;on|desktop&#8221; custom_padding=&#8221;|0px||0px|false|true&#8221; text_font_size_tablet=&#8221;34px&#8221; text_font_size_phone=&#8221;30px&#8221; text_font_size_last_edited=&#8221;on|phone&#8221; custom_css_main_element=&#8221;font-weight: 800;&#8221; locked=&#8221;off&#8221; global_colors_info=&#8221;{}&#8221;]<p>Workforce Culture<\/p>[\/et_pb_text][\/et_pb_column][\/et_pb_row][\/et_pb_section][et_pb_section fb_built=&#8221;1&#8243; admin_label=&#8221;Blog Section&#8221; _builder_version=&#8221;4.21.0&#8243; background_color=&#8221;rgba(125,130,138,0.05)&#8221; custom_padding=&#8221;10px||80px||false|false&#8221; global_colors_info=&#8221;{}&#8221;][et_pb_row _builder_version=&#8221;4.21.0&#8243; custom_margin=&#8221;30px||||false|false&#8221; custom_padding=&#8221;|3px|0px|3px|false|true&#8221; global_colors_info=&#8221;{}&#8221;][et_pb_column type=&#8221;4_4&#8243; _builder_version=&#8221;4.16&#8243; custom_padding=&#8221;|||&#8221; global_colors_info=&#8221;{}&#8221; custom_padding__hover=&#8221;|||&#8221;][et_pb_blog fullwidth=&#8221;off&#8221; posts_number=&#8221;12&#8243; include_categories=&#8221;312&#8243; use_manual_excerpt=&#8221;off&#8221; excerpt_length=&#8221;130&#8243; show_author=&#8221;off&#8221; _builder_version=&#8221;4.21.0&#8243; header_font=&#8221;Montserrat|700|||||||&#8221; header_text_color=&#8221;#052abe&#8221; header_font_size=&#8221;20px&#8221; header_line_height=&#8221;1.4em&#8221; body_font=&#8221;Open Sans||||||||&#8221; body_text_color=&#8221;#000000&#8243; body_font_size=&#8221;16px&#8221; body_line_height=&#8221;1.9em&#8221; meta_font=&#8221;Montserrat|600|on||||||&#8221; meta_text_color=&#8221;#7D828A&#8221; meta_font_size=&#8221;12px&#8221; read_more_font=&#8221;Montserrat|700||on|||||&#8221; pagination_font=&#8221;Montserrat|600||on|||||&#8221; pagination_text_color=&#8221;#7D828A&#8221; pagination_font_size=&#8221;14px&#8221; pagination_line_height=&#8221;1.8em&#8221; background_enable_color=&#8221;off&#8221; text_orientation=&#8221;left&#8221; header_font_size_tablet=&#8221;&#8221; header_font_size_phone=&#8221;20px&#8221; header_font_size_last_edited=&#8221;on|desktop&#8221; meta_text_align_tablet=&#8221;&#8221; meta_text_align_phone=&#8221;&#8221; meta_text_align_last_edited=&#8221;on|desktop&#8221; custom_css_title=&#8221;min-height:130px;||&#8221; custom_css_content=&#8221;min-height:130px;||&#8221; border_color_all=&#8221;#FCFCFC&#8221; border_width_bottom=&#8221;5px&#8221; border_color_bottom=&#8221;rgba(125,130,138,0.17)&#8221; border_radii_image=&#8221;off|10px|10px||&#8221; box_shadow_style=&#8221;preset1&#8243; box_shadow_blur=&#8221;36px&#8221; box_shadow_spread=&#8221;-35px&#8221; box_shadow_color=&#8221;#7D828A&#8221; global_colors_info=&#8221;{}&#8221; show_categories__hover_enabled=&#8221;off|desktop&#8221; custom_css_pagenavi__hover_enabled=&#8221;off|desktop&#8221; custom_css_title_last_edited=&#8221;on|desktop&#8221; custom_css_title_phone=&#8221;min-height:100px&#8221; custom_css_title_tablet=&#8221;||&#8221; custom_css_post_meta_last_edited=&#8221;on|desktop&#8221;][\/et_pb_blog][\/et_pb_column][\/et_pb_row][\/et_pb_section]\n","protected":false},"excerpt":{"rendered":"<p>Culture de la main-d&#039;\u0153uvre<\/p>","protected":false},"author":9,"featured_media":0,"parent":1997,"menu_order":0,"comment_status":"closed","ping_status":"closed","template":"","meta":{"_et_pb_use_builder":"on","_et_pb_old_content":"","_et_gb_content_width":"","footnotes":""},"dipi_cpt_category":[],"class_list":["post-4422","page","type-page","status-publish","hentry"],"yoast_head":"<!-- This site is optimized with the Yoast SEO Premium plugin v27.4 (Yoast SEO v27.4) - https:\/\/yoast.com\/product\/yoast-seo-premium-wordpress\/ -->\n<title>Workforce Culture | ERP Success Partners<\/title>\n<meta name=\"description\" content=\"Here&#039;s why we are unique as a team. As diverse as we are, our differences make up for our strength! Learn more through this blog section.\" \/>\n<meta name=\"robots\" content=\"index, follow, max-snippet:-1, max-image-preview:large, max-video-preview:-1\" \/>\n<link rel=\"canonical\" href=\"https:\/\/www.erpsuccesspartners.com\/fr\/news\/workforce-culture\/\" \/>\n<meta property=\"og:locale\" content=\"fr_FR\" \/>\n<meta property=\"og:type\" content=\"article\" \/>\n<meta property=\"og:title\" content=\"Workforce Culture\" \/>\n<meta property=\"og:description\" content=\"Here&#039;s why we are unique as a team. As diverse as we are, our differences make up for our strength! Learn more through this blog section.\" \/>\n<meta property=\"og:url\" content=\"https:\/\/www.erpsuccesspartners.com\/fr\/news\/workforce-culture\/\" \/>\n<meta property=\"og:site_name\" content=\"ERP Success Partners\" \/>\n<meta property=\"article:publisher\" content=\"https:\/\/www.facebook.com\/erpsuccesspartners\/\" \/>\n<meta property=\"article:modified_time\" content=\"2025-05-16T09:49:44+00:00\" \/>\n<meta property=\"og:image\" content=\"https:\/\/www.erpsuccesspartners.com\/wp-content\/uploads\/2019\/11\/erp-logo-color-horizontal.png\" \/>\n\t<meta property=\"og:image:width\" content=\"1600\" \/>\n\t<meta property=\"og:image:height\" content=\"335\" \/>\n\t<meta property=\"og:image:type\" content=\"image\/png\" \/>\n<meta name=\"twitter:card\" content=\"summary_large_image\" \/>\n<meta name=\"twitter:site\" content=\"@successerp\" \/>\n<meta name=\"twitter:label1\" content=\"Dur\u00e9e de lecture estim\u00e9e\" \/>\n\t<meta name=\"twitter:data1\" content=\"4 minutes\" \/>\n<script type=\"application\/ld+json\" class=\"yoast-schema-graph\">{\"@context\":\"https:\\\/\\\/schema.org\",\"@graph\":[{\"@type\":\"WebPage\",\"@id\":\"https:\\\/\\\/www.erpsuccesspartners.com\\\/news\\\/workforce-culture\\\/\",\"url\":\"https:\\\/\\\/www.erpsuccesspartners.com\\\/news\\\/workforce-culture\\\/\",\"name\":\"Workforce Culture | ERP Success Partners\",\"isPartOf\":{\"@id\":\"https:\\\/\\\/www.erpsuccesspartners.com\\\/#website\"},\"datePublished\":\"2023-07-13T08:28:15+00:00\",\"dateModified\":\"2025-05-16T09:49:44+00:00\",\"description\":\"Here's why we are unique as a team. As diverse as we are, our differences make up for our strength! Learn more through this blog section.\",\"breadcrumb\":{\"@id\":\"https:\\\/\\\/www.erpsuccesspartners.com\\\/news\\\/workforce-culture\\\/#breadcrumb\"},\"inLanguage\":\"fr-FR\",\"potentialAction\":[{\"@type\":\"ReadAction\",\"target\":[\"https:\\\/\\\/www.erpsuccesspartners.com\\\/news\\\/workforce-culture\\\/\"]}]},{\"@type\":\"BreadcrumbList\",\"@id\":\"https:\\\/\\\/www.erpsuccesspartners.com\\\/news\\\/workforce-culture\\\/#breadcrumb\",\"itemListElement\":[{\"@type\":\"ListItem\",\"position\":1,\"name\":\"Home\",\"item\":\"https:\\\/\\\/www.erpsuccesspartners.com\\\/\"},{\"@type\":\"ListItem\",\"position\":2,\"name\":\"Newsroom\",\"item\":\"https:\\\/\\\/www.erpsuccesspartners.com\\\/news\\\/\"},{\"@type\":\"ListItem\",\"position\":3,\"name\":\"Workforce Culture\"}]},{\"@type\":\"WebSite\",\"@id\":\"https:\\\/\\\/www.erpsuccesspartners.com\\\/#website\",\"url\":\"https:\\\/\\\/www.erpsuccesspartners.com\\\/\",\"name\":\"ERP Success Partners\",\"description\":\"Driving ROI with Expert NetSuite Solutions.\",\"publisher\":{\"@id\":\"https:\\\/\\\/www.erpsuccesspartners.com\\\/#organization\"},\"potentialAction\":[{\"@type\":\"SearchAction\",\"target\":{\"@type\":\"EntryPoint\",\"urlTemplate\":\"https:\\\/\\\/www.erpsuccesspartners.com\\\/?s={search_term_string}\"},\"query-input\":{\"@type\":\"PropertyValueSpecification\",\"valueRequired\":true,\"valueName\":\"search_term_string\"}}],\"inLanguage\":\"fr-FR\"},{\"@type\":\"Organization\",\"@id\":\"https:\\\/\\\/www.erpsuccesspartners.com\\\/#organization\",\"name\":\"ERP Success Partners, Inc.\",\"url\":\"https:\\\/\\\/www.erpsuccesspartners.com\\\/\",\"logo\":{\"@type\":\"ImageObject\",\"inLanguage\":\"fr-FR\",\"@id\":\"https:\\\/\\\/www.erpsuccesspartners.com\\\/#\\\/schema\\\/logo\\\/image\\\/\",\"url\":\"https:\\\/\\\/www.erpsuccesspartners.com\\\/wp-content\\\/uploads\\\/2023\\\/03\\\/ESP-Icon.png\",\"contentUrl\":\"https:\\\/\\\/www.erpsuccesspartners.com\\\/wp-content\\\/uploads\\\/2023\\\/03\\\/ESP-Icon.png\",\"width\":200,\"height\":200,\"caption\":\"ERP Success Partners, Inc.\"},\"image\":{\"@id\":\"https:\\\/\\\/www.erpsuccesspartners.com\\\/#\\\/schema\\\/logo\\\/image\\\/\"},\"sameAs\":[\"https:\\\/\\\/www.facebook.com\\\/erpsuccesspartners\\\/\",\"https:\\\/\\\/x.com\\\/successerp\",\"https:\\\/\\\/www.instagram.com\\\/erp_success_partners\\\/\",\"https:\\\/\\\/www.linkedin.com\\\/company\\\/erpsuccesspartners\\\/\"]}]}<\/script>\n<!-- \/ Yoast SEO Premium plugin. -->","yoast_head_json":{"title":"Culture du personnel | ERP Success Partners","description":"Voici pourquoi notre \u00e9quipe est unique. Aussi divers que nous soyons, nos diff\u00e9rences font notre force ! Pour en savoir plus, consultez cette section du blog.","robots":{"index":"index","follow":"follow","max-snippet":"max-snippet:-1","max-image-preview":"max-image-preview:large","max-video-preview":"max-video-preview:-1"},"canonical":"https:\/\/www.erpsuccesspartners.com\/fr\/news\/workforce-culture\/","og_locale":"fr_FR","og_type":"article","og_title":"Workforce Culture","og_description":"Here's why we are unique as a team. As diverse as we are, our differences make up for our strength! Learn more through this blog section.","og_url":"https:\/\/www.erpsuccesspartners.com\/fr\/news\/workforce-culture\/","og_site_name":"ERP Success Partners","article_publisher":"https:\/\/www.facebook.com\/erpsuccesspartners\/","article_modified_time":"2025-05-16T09:49:44+00:00","og_image":[{"width":1600,"height":335,"url":"https:\/\/www.erpsuccesspartners.com\/wp-content\/uploads\/2019\/11\/erp-logo-color-horizontal.png","type":"image\/png"}],"twitter_card":"summary_large_image","twitter_site":"@successerp","twitter_misc":{"Dur\u00e9e de lecture estim\u00e9e":"4 minutes"},"schema":{"@context":"https:\/\/schema.org","@graph":[{"@type":"WebPage","@id":"https:\/\/www.erpsuccesspartners.com\/news\/workforce-culture\/","url":"https:\/\/www.erpsuccesspartners.com\/news\/workforce-culture\/","name":"Culture du personnel | ERP Success Partners","isPartOf":{"@id":"https:\/\/www.erpsuccesspartners.com\/#website"},"datePublished":"2023-07-13T08:28:15+00:00","dateModified":"2025-05-16T09:49:44+00:00","description":"Voici pourquoi notre \u00e9quipe est unique. Aussi divers que nous soyons, nos diff\u00e9rences font notre force ! Pour en savoir plus, consultez cette section du blog.","breadcrumb":{"@id":"https:\/\/www.erpsuccesspartners.com\/news\/workforce-culture\/#breadcrumb"},"inLanguage":"fr-FR","potentialAction":[{"@type":"ReadAction","target":["https:\/\/www.erpsuccesspartners.com\/news\/workforce-culture\/"]}]},{"@type":"BreadcrumbList","@id":"https:\/\/www.erpsuccesspartners.com\/news\/workforce-culture\/#breadcrumb","itemListElement":[{"@type":"ListItem","position":1,"name":"Home","item":"https:\/\/www.erpsuccesspartners.com\/"},{"@type":"ListItem","position":2,"name":"Newsroom","item":"https:\/\/www.erpsuccesspartners.com\/news\/"},{"@type":"ListItem","position":3,"name":"Workforce Culture"}]},{"@type":"WebSite","@id":"https:\/\/www.erpsuccesspartners.com\/#website","url":"https:\/\/www.erpsuccesspartners.com\/","name":"ERP Success Partners","description":"Am\u00e9liorer le retour sur investissement gr\u00e2ce \u00e0 des solutions NetSuite expertes.","publisher":{"@id":"https:\/\/www.erpsuccesspartners.com\/#organization"},"potentialAction":[{"@type":"SearchAction","target":{"@type":"EntryPoint","urlTemplate":"https:\/\/www.erpsuccesspartners.com\/?s={search_term_string}"},"query-input":{"@type":"PropertyValueSpecification","valueRequired":true,"valueName":"search_term_string"}}],"inLanguage":"fr-FR"},{"@type":"Organization","@id":"https:\/\/www.erpsuccesspartners.com\/#organization","name":"Partenaires de r\u00e9ussite ERP, Inc.","url":"https:\/\/www.erpsuccesspartners.com\/","logo":{"@type":"ImageObject","inLanguage":"fr-FR","@id":"https:\/\/www.erpsuccesspartners.com\/#\/schema\/logo\/image\/","url":"https:\/\/www.erpsuccesspartners.com\/wp-content\/uploads\/2023\/03\/ESP-Icon.png","contentUrl":"https:\/\/www.erpsuccesspartners.com\/wp-content\/uploads\/2023\/03\/ESP-Icon.png","width":200,"height":200,"caption":"ERP Success Partners, Inc."},"image":{"@id":"https:\/\/www.erpsuccesspartners.com\/#\/schema\/logo\/image\/"},"sameAs":["https:\/\/www.facebook.com\/erpsuccesspartners\/","https:\/\/x.com\/successerp","https:\/\/www.instagram.com\/erp_success_partners\/","https:\/\/www.linkedin.com\/company\/erpsuccesspartners\/"]}]}},"_links":{"self":[{"href":"https:\/\/www.erpsuccesspartners.com\/fr\/wp-json\/wp\/v2\/pages\/4422","targetHints":{"allow":["GET"]}}],"collection":[{"href":"https:\/\/www.erpsuccesspartners.com\/fr\/wp-json\/wp\/v2\/pages"}],"about":[{"href":"https:\/\/www.erpsuccesspartners.com\/fr\/wp-json\/wp\/v2\/types\/page"}],"author":[{"embeddable":true,"href":"https:\/\/www.erpsuccesspartners.com\/fr\/wp-json\/wp\/v2\/users\/9"}],"replies":[{"embeddable":true,"href":"https:\/\/www.erpsuccesspartners.com\/fr\/wp-json\/wp\/v2\/comments?post=4422"}],"version-history":[{"count":0,"href":"https:\/\/www.erpsuccesspartners.com\/fr\/wp-json\/wp\/v2\/pages\/4422\/revisions"}],"up":[{"embeddable":true,"href":"https:\/\/www.erpsuccesspartners.com\/fr\/wp-json\/wp\/v2\/pages\/1997"}],"wp:attachment":[{"href":"https:\/\/www.erpsuccesspartners.com\/fr\/wp-json\/wp\/v2\/media?parent=4422"}],"wp:term":[{"taxonomy":"dipi_cpt_category","embeddable":true,"href":"https:\/\/www.erpsuccesspartners.com\/fr\/wp-json\/wp\/v2\/dipi_cpt_category?post=4422"}],"curies":[{"name":"wp","href":"https:\/\/api.w.org\/{rel}","templated":true}]}}