{"id":3186,"date":"2021-09-17T07:37:01","date_gmt":"2021-09-17T11:37:01","guid":{"rendered":"https:\/\/www.erpsuccesspartners.com\/?page_id=3186"},"modified":"2021-09-17T07:39:44","modified_gmt":"2021-09-17T11:39:44","slug":"online-case-successful-submission","status":"publish","type":"page","link":"https:\/\/www.erpsuccesspartners.com\/fr\/online-case-successful-submission\/","title":{"rendered":"Cas en ligne Page de remerciement"},"content":{"rendered":"<p>[et_pb_section fb_built=&#8221;1&#8243; _builder_version=&#8221;4.10.7&#8243; background_color=&#8221;rgba(125,130,138,0.14)&#8221; custom_padding=&#8221;0px||0px|||&#8221; hover_enabled=&#8221;0&#8243; locked=&#8221;off&#8221; global_colors_info=&#8221;{}&#8221; sticky_enabled=&#8221;0&#8243;][et_pb_row column_structure=&#8221;1_2,1_2&#8243; use_custom_gutter=&#8221;on&#8221; gutter_width=&#8221;1&#8243; make_equal=&#8221;on&#8221; _builder_version=&#8221;4.10.7&#8243; width=&#8221;100%&#8221; custom_padding=&#8221;0px||0px|||&#8221; custom_css_main_element=&#8221;align-items: center;&#8221; global_colors_info=&#8221;{}&#8221;][et_pb_column type=&#8221;1_2&#8243; _builder_version=&#8221;4.10.7&#8243; custom_padding=&#8221;0px|3%|0px|3%|true|true&#8221; custom_padding_tablet=&#8221;17vh|8%|1vh|8%|false|true&#8221; custom_padding_phone=&#8221;2vh||6vh||false|true&#8221; custom_padding_last_edited=&#8221;on|phone&#8221; global_colors_info=&#8221;{}&#8221;][et_pb_text module_class=&#8221;section-title-left&#8221; _builder_version=&#8221;4.10.7&#8243; text_font=&#8221;Montserrat||||||||&#8221; text_text_color=&#8221;#0A367D&#8221; text_font_size=&#8221;32px&#8221; text_letter_spacing=&#8221;0.36px&#8221; text_line_height=&#8221;39px&#8221; header_font=&#8221;||||||||&#8221; header_2_font=&#8221;||||||||&#8221; background_color=&#8221;rgba(0,0,0,0)&#8221; custom_margin=&#8221;0px||0px|-31px|false|false&#8221; custom_margin_tablet=&#8221;|||15px|false|false&#8221; custom_margin_phone=&#8221;66px|||16px|false|false&#8221; custom_margin_last_edited=&#8221;on|desktop&#8221; custom_css_main_element=&#8221;font-weight: 800;&#8221; global_colors_info=&#8221;{}&#8221;]<\/p>\n<p>You are in good hands<\/p>\n<p>[\/et_pb_text][et_pb_text _builder_version=&#8221;4.10.7&#8243; text_font=&#8221;Open Sans||||||||&#8221; text_text_color=&#8221;#57595C&#8221; text_font_size=&#8221;18px&#8221; text_letter_spacing=&#8221;0.21px&#8221; text_line_height=&#8221;36px&#8221; background_layout=&#8221;dark&#8221; custom_margin=&#8221;30px||50px|-32px|false|false&#8221; custom_margin_tablet=&#8221;30px||48px|13px|false|false&#8221; custom_margin_phone=&#8221;30px||0px|17px|false|false&#8221; custom_margin_last_edited=&#8221;on|desktop&#8221; hover_enabled=&#8221;0&#8243; text_text_align=&#8221;left&#8221; global_colors_info=&#8221;{}&#8221; sticky_enabled=&#8221;0&#8243;]<\/p>\n<p>Thank you for submitting your case. Rest assured that our experts will action on it within the shortest delay and get in touch with you for any additional information.<\/p>\n<p>Thank you for your loyalty.<\/p>\n<p>[\/et_pb_text][\/et_pb_column][et_pb_column type=&#8221;1_2&#8243; _builder_version=&#8221;3.25.4&#8243; global_colors_info=&#8221;{}&#8221;][et_pb_image src=&#8221;https:\/\/www.erpsuccesspartners.com\/wp-content\/uploads\/2021\/09\/thank-you-image.jpg&#8221; alt=&#8221;join-our-team&#8221; title_text=&#8221;onine-case-success&#8221; show_bottom_space=&#8221;off&#8221; force_fullwidth=&#8221;on&#8221; _builder_version=&#8221;4.10.7&#8243; global_colors_info=&#8221;{}&#8221;][\/et_pb_image][\/et_pb_column][\/et_pb_row][\/et_pb_section]<\/p>\n","protected":false},"excerpt":{"rendered":"<p>Vous \u00eates entre de bonnes mains Merci d&#039;avoir soumis votre dossier. Soyez assur\u00e9 que nos experts y donneront suite dans les plus brefs d\u00e9lais et vous recontacteront pour toute information compl\u00e9mentaire. Merci pour votre...<\/p>","protected":false},"author":9,"featured_media":0,"parent":0,"menu_order":0,"comment_status":"closed","ping_status":"closed","template":"","meta":{"_et_pb_use_builder":"on","_et_pb_old_content":"","_et_gb_content_width":"","footnotes":""},"dipi_cpt_category":[],"class_list":["post-3186","page","type-page","status-publish","hentry"],"yoast_head":"<!-- This site is optimized with the Yoast SEO Premium plugin v27.4 (Yoast SEO v27.4) - https:\/\/yoast.com\/product\/yoast-seo-premium-wordpress\/ -->\n<title>Online Case Thank You Page | ERP Success Partners<\/title>\n<meta name=\"robots\" content=\"index, nofollow, max-snippet:-1, max-image-preview:large, max-video-preview:-1\" \/>\n<link rel=\"canonical\" href=\"https:\/\/www.erpsuccesspartners.com\/fr\/online-case-successful-submission\/\" \/>\n<meta property=\"og:locale\" content=\"fr_FR\" \/>\n<meta property=\"og:type\" content=\"article\" \/>\n<meta property=\"og:title\" content=\"Online Case Thank You Page\" \/>\n<meta property=\"og:description\" content=\"You are in good handsThank you for submitting your case. Rest assured that our experts will action on it within the shortest delay and get in touch with you for any additional information. Thank you for your loyalty.\" \/>\n<meta property=\"og:url\" content=\"https:\/\/www.erpsuccesspartners.com\/fr\/online-case-successful-submission\/\" \/>\n<meta property=\"og:site_name\" content=\"ERP Success Partners\" \/>\n<meta property=\"article:publisher\" content=\"https:\/\/www.facebook.com\/erpsuccesspartners\/\" \/>\n<meta property=\"article:modified_time\" content=\"2021-09-17T11:39:44+00:00\" \/>\n<meta property=\"og:image\" content=\"https:\/\/www.erpsuccesspartners.com\/wp-content\/uploads\/2019\/11\/erp-logo-color-horizontal.png\" \/>\n\t<meta property=\"og:image:width\" content=\"1600\" \/>\n\t<meta property=\"og:image:height\" content=\"335\" \/>\n\t<meta property=\"og:image:type\" content=\"image\/png\" \/>\n<meta name=\"twitter:card\" content=\"summary_large_image\" \/>\n<meta name=\"twitter:site\" content=\"@successerp\" \/>\n<meta name=\"twitter:label1\" content=\"Dur\u00e9e de lecture estim\u00e9e\" \/>\n\t<meta name=\"twitter:data1\" content=\"2 minutes\" \/>\n<script type=\"application\/ld+json\" class=\"yoast-schema-graph\">{\"@context\":\"https:\\\/\\\/schema.org\",\"@graph\":[{\"@type\":\"WebPage\",\"@id\":\"https:\\\/\\\/www.erpsuccesspartners.com\\\/online-case-successful-submission\\\/\",\"url\":\"https:\\\/\\\/www.erpsuccesspartners.com\\\/online-case-successful-submission\\\/\",\"name\":\"Online Case Thank You Page | ERP Success Partners\",\"isPartOf\":{\"@id\":\"https:\\\/\\\/www.erpsuccesspartners.com\\\/#website\"},\"datePublished\":\"2021-09-17T11:37:01+00:00\",\"dateModified\":\"2021-09-17T11:39:44+00:00\",\"breadcrumb\":{\"@id\":\"https:\\\/\\\/www.erpsuccesspartners.com\\\/online-case-successful-submission\\\/#breadcrumb\"},\"inLanguage\":\"fr-FR\",\"potentialAction\":[{\"@type\":\"ReadAction\",\"target\":[\"https:\\\/\\\/www.erpsuccesspartners.com\\\/online-case-successful-submission\\\/\"]}]},{\"@type\":\"BreadcrumbList\",\"@id\":\"https:\\\/\\\/www.erpsuccesspartners.com\\\/online-case-successful-submission\\\/#breadcrumb\",\"itemListElement\":[{\"@type\":\"ListItem\",\"position\":1,\"name\":\"Home\",\"item\":\"https:\\\/\\\/www.erpsuccesspartners.com\\\/\"},{\"@type\":\"ListItem\",\"position\":2,\"name\":\"Online Case Thank You Page\"}]},{\"@type\":\"WebSite\",\"@id\":\"https:\\\/\\\/www.erpsuccesspartners.com\\\/#website\",\"url\":\"https:\\\/\\\/www.erpsuccesspartners.com\\\/\",\"name\":\"ERP Success Partners\",\"description\":\"Driving ROI with Expert NetSuite Solutions.\",\"publisher\":{\"@id\":\"https:\\\/\\\/www.erpsuccesspartners.com\\\/#organization\"},\"potentialAction\":[{\"@type\":\"SearchAction\",\"target\":{\"@type\":\"EntryPoint\",\"urlTemplate\":\"https:\\\/\\\/www.erpsuccesspartners.com\\\/?s={search_term_string}\"},\"query-input\":{\"@type\":\"PropertyValueSpecification\",\"valueRequired\":true,\"valueName\":\"search_term_string\"}}],\"inLanguage\":\"fr-FR\"},{\"@type\":\"Organization\",\"@id\":\"https:\\\/\\\/www.erpsuccesspartners.com\\\/#organization\",\"name\":\"ERP Success Partners, Inc.\",\"url\":\"https:\\\/\\\/www.erpsuccesspartners.com\\\/\",\"logo\":{\"@type\":\"ImageObject\",\"inLanguage\":\"fr-FR\",\"@id\":\"https:\\\/\\\/www.erpsuccesspartners.com\\\/#\\\/schema\\\/logo\\\/image\\\/\",\"url\":\"https:\\\/\\\/www.erpsuccesspartners.com\\\/wp-content\\\/uploads\\\/2023\\\/03\\\/ESP-Icon.png\",\"contentUrl\":\"https:\\\/\\\/www.erpsuccesspartners.com\\\/wp-content\\\/uploads\\\/2023\\\/03\\\/ESP-Icon.png\",\"width\":200,\"height\":200,\"caption\":\"ERP Success Partners, Inc.\"},\"image\":{\"@id\":\"https:\\\/\\\/www.erpsuccesspartners.com\\\/#\\\/schema\\\/logo\\\/image\\\/\"},\"sameAs\":[\"https:\\\/\\\/www.facebook.com\\\/erpsuccesspartners\\\/\",\"https:\\\/\\\/x.com\\\/successerp\",\"https:\\\/\\\/www.instagram.com\\\/erp_success_partners\\\/\",\"https:\\\/\\\/www.linkedin.com\\\/company\\\/erpsuccesspartners\\\/\"]}]}<\/script>\n<!-- \/ Yoast SEO Premium plugin. -->","yoast_head_json":{"title":"Page de remerciement de cas en ligne | ERP Success Partners","robots":{"index":"index","follow":"nofollow","max-snippet":"max-snippet:-1","max-image-preview":"max-image-preview:large","max-video-preview":"max-video-preview:-1"},"canonical":"https:\/\/www.erpsuccesspartners.com\/fr\/online-case-successful-submission\/","og_locale":"fr_FR","og_type":"article","og_title":"Online Case Thank You Page","og_description":"You are in good handsThank you for submitting your case. Rest assured that our experts will action on it within the shortest delay and get in touch with you for any additional information. Thank you for your loyalty.","og_url":"https:\/\/www.erpsuccesspartners.com\/fr\/online-case-successful-submission\/","og_site_name":"ERP Success Partners","article_publisher":"https:\/\/www.facebook.com\/erpsuccesspartners\/","article_modified_time":"2021-09-17T11:39:44+00:00","og_image":[{"width":1600,"height":335,"url":"https:\/\/www.erpsuccesspartners.com\/wp-content\/uploads\/2019\/11\/erp-logo-color-horizontal.png","type":"image\/png"}],"twitter_card":"summary_large_image","twitter_site":"@successerp","twitter_misc":{"Dur\u00e9e de lecture estim\u00e9e":"2 minutes"},"schema":{"@context":"https:\/\/schema.org","@graph":[{"@type":"WebPage","@id":"https:\/\/www.erpsuccesspartners.com\/online-case-successful-submission\/","url":"https:\/\/www.erpsuccesspartners.com\/online-case-successful-submission\/","name":"Page de remerciement de cas en ligne | ERP Success Partners","isPartOf":{"@id":"https:\/\/www.erpsuccesspartners.com\/#website"},"datePublished":"2021-09-17T11:37:01+00:00","dateModified":"2021-09-17T11:39:44+00:00","breadcrumb":{"@id":"https:\/\/www.erpsuccesspartners.com\/online-case-successful-submission\/#breadcrumb"},"inLanguage":"fr-FR","potentialAction":[{"@type":"ReadAction","target":["https:\/\/www.erpsuccesspartners.com\/online-case-successful-submission\/"]}]},{"@type":"BreadcrumbList","@id":"https:\/\/www.erpsuccesspartners.com\/online-case-successful-submission\/#breadcrumb","itemListElement":[{"@type":"ListItem","position":1,"name":"Home","item":"https:\/\/www.erpsuccesspartners.com\/"},{"@type":"ListItem","position":2,"name":"Online Case Thank You Page"}]},{"@type":"WebSite","@id":"https:\/\/www.erpsuccesspartners.com\/#website","url":"https:\/\/www.erpsuccesspartners.com\/","name":"ERP Success Partners","description":"Am\u00e9liorer le retour sur investissement gr\u00e2ce \u00e0 des solutions NetSuite expertes.","publisher":{"@id":"https:\/\/www.erpsuccesspartners.com\/#organization"},"potentialAction":[{"@type":"SearchAction","target":{"@type":"EntryPoint","urlTemplate":"https:\/\/www.erpsuccesspartners.com\/?s={search_term_string}"},"query-input":{"@type":"PropertyValueSpecification","valueRequired":true,"valueName":"search_term_string"}}],"inLanguage":"fr-FR"},{"@type":"Organization","@id":"https:\/\/www.erpsuccesspartners.com\/#organization","name":"Partenaires de r\u00e9ussite ERP, Inc.","url":"https:\/\/www.erpsuccesspartners.com\/","logo":{"@type":"ImageObject","inLanguage":"fr-FR","@id":"https:\/\/www.erpsuccesspartners.com\/#\/schema\/logo\/image\/","url":"https:\/\/www.erpsuccesspartners.com\/wp-content\/uploads\/2023\/03\/ESP-Icon.png","contentUrl":"https:\/\/www.erpsuccesspartners.com\/wp-content\/uploads\/2023\/03\/ESP-Icon.png","width":200,"height":200,"caption":"ERP Success Partners, Inc."},"image":{"@id":"https:\/\/www.erpsuccesspartners.com\/#\/schema\/logo\/image\/"},"sameAs":["https:\/\/www.facebook.com\/erpsuccesspartners\/","https:\/\/x.com\/successerp","https:\/\/www.instagram.com\/erp_success_partners\/","https:\/\/www.linkedin.com\/company\/erpsuccesspartners\/"]}]}},"_links":{"self":[{"href":"https:\/\/www.erpsuccesspartners.com\/fr\/wp-json\/wp\/v2\/pages\/3186","targetHints":{"allow":["GET"]}}],"collection":[{"href":"https:\/\/www.erpsuccesspartners.com\/fr\/wp-json\/wp\/v2\/pages"}],"about":[{"href":"https:\/\/www.erpsuccesspartners.com\/fr\/wp-json\/wp\/v2\/types\/page"}],"author":[{"embeddable":true,"href":"https:\/\/www.erpsuccesspartners.com\/fr\/wp-json\/wp\/v2\/users\/9"}],"replies":[{"embeddable":true,"href":"https:\/\/www.erpsuccesspartners.com\/fr\/wp-json\/wp\/v2\/comments?post=3186"}],"version-history":[{"count":0,"href":"https:\/\/www.erpsuccesspartners.com\/fr\/wp-json\/wp\/v2\/pages\/3186\/revisions"}],"wp:attachment":[{"href":"https:\/\/www.erpsuccesspartners.com\/fr\/wp-json\/wp\/v2\/media?parent=3186"}],"wp:term":[{"taxonomy":"dipi_cpt_category","embeddable":true,"href":"https:\/\/www.erpsuccesspartners.com\/fr\/wp-json\/wp\/v2\/dipi_cpt_category?post=3186"}],"curies":[{"name":"wp","href":"https:\/\/api.w.org\/{rel}","templated":true}]}}