{"id":2261,"date":"2021-02-09T01:16:28","date_gmt":"2021-02-09T06:16:28","guid":{"rendered":"https:\/\/www.erpsuccesspartners.com\/?page_id=2261"},"modified":"2025-02-13T04:34:37","modified_gmt":"2025-02-13T09:34:37","slug":"cfi-successful-submission","status":"publish","type":"page","link":"https:\/\/www.erpsuccesspartners.com\/fr\/cfi-successful-submission\/","title":{"rendered":"CFI \u2013 Soumission r\u00e9ussie"},"content":{"rendered":"<p>[et_pb_section fb_built=&#8221;1&#8243; custom_padding_last_edited=&#8221;on|tablet&#8221; module_id=&#8221;industries-page-top&#8221; _builder_version=&#8221;4.27.4&#8243; background_color=&#8221;#FCFCFC&#8221; custom_margin=&#8221;0px||&#8221; custom_margin_last_edited=&#8221;off|desktop&#8221; custom_padding=&#8221;80px|0px|80px|0px|true|true&#8221; custom_padding_tablet=&#8221;70px||0px&#8221; custom_padding_phone=&#8221;10px||0px&#8221; hover_enabled=&#8221;0&#8243; background_last_edited=&#8221;on|tablet&#8221; background_position_tablet=&#8221;bottom_center&#8221; locked=&#8221;off&#8221; global_colors_info=&#8221;{}&#8221; background_enable_image=&#8221;off&#8221; sticky_enabled=&#8221;0&#8243;][et_pb_row use_custom_gutter=&#8221;on&#8221; gutter_width=&#8221;1&#8243; make_equal=&#8221;on&#8221; _builder_version=&#8221;4.16&#8243; width=&#8221;100%&#8221; max_width=&#8221;1310px&#8221; module_alignment=&#8221;center&#8221; max_height=&#8221;46vh&#8221; max_height_tablet=&#8221;440px&#8221; max_height_phone=&#8221;308px&#8221; max_height_last_edited=&#8221;off|phone&#8221; custom_margin=&#8221;0%|auto|-3.7%|47px||&#8221; custom_padding=&#8221;0px|0px|0px|0px|true|true&#8221; global_colors_info=&#8221;{}&#8221;][et_pb_column type=&#8221;4_4&#8243; _builder_version=&#8221;4.16&#8243; background_color=&#8221;rgba(0,0,0,0)&#8221; global_colors_info=&#8221;{}&#8221;][et_pb_text _builder_version=&#8221;4.27.4&#8243; text_font=&#8221;Montserrat|500|||||||&#8221; text_text_color=&#8221;#000000&#8243; text_font_size=&#8221;18px&#8221; text_letter_spacing=&#8221;1.7px&#8221; text_line_height=&#8221;29.6px&#8221; text_orientation=&#8221;center&#8221; background_layout=&#8221;dark&#8221; custom_padding=&#8221;62px|190px|67px|190px||true&#8221; custom_padding_tablet=&#8221;|90px||90px||true&#8221; custom_padding_phone=&#8221;62px|20px|40px|20px||true&#8221; custom_padding_last_edited=&#8221;on|desktop&#8221; hover_enabled=&#8221;0&#8243; text_font_size_tablet=&#8221;&#8221; text_font_size_phone=&#8221;14px&#8221; text_font_size_last_edited=&#8221;on|phone&#8221; global_colors_info=&#8221;{}&#8221; sticky_enabled=&#8221;0&#8243;]<\/p>\n<p>Thank you for submitting your details to schedule your FREE CFI Suite Demo. Click <span style=\"text-decoration: underline;\"><a href=\"https:\/\/www.erpsuccesspartners.com\/wp-content\/uploads\/2021\/05\/CFI-Suite_NetSuite-for-the-Contract-Furniture-Industry.pdf\">here<\/a><\/span> to download the CFI Suite Brochure.<\/p>\n<p>[\/et_pb_text][et_pb_button button_url=&#8221;https:\/\/www.erpsuccesspartners.com\/cfi-suite\/&#8221; button_text=&#8221;Back to CFI Suite&#8221; button_alignment=&#8221;center&#8221; _builder_version=&#8221;4.27.4&#8243; custom_margin=&#8221;||-2px|||&#8221; custom_padding=&#8221;6px||&#8221; hover_enabled=&#8221;0&#8243; global_colors_info=&#8221;{}&#8221; custom_button=&#8221;on&#8221; button_bg_color=&#8221;#052ABE&#8221; button_bg_enable_color=&#8221;on&#8221; button_text_color=&#8221;#F8FBFE&#8221; sticky_enabled=&#8221;0&#8243; button_border_radius=&#8221;10px&#8221;][\/et_pb_button][\/et_pb_column][\/et_pb_row][\/et_pb_section]<\/p>\n","protected":false},"excerpt":{"rendered":"<p>Merci de nous communiquer vos coordonn\u00e9es afin de planifier votre d\u00e9monstration GRATUITE de CFI Suite. Cliquez ici pour t\u00e9l\u00e9charger la brochure CFI Suite.<\/p>","protected":false},"author":9,"featured_media":0,"parent":0,"menu_order":0,"comment_status":"closed","ping_status":"closed","template":"","meta":{"_et_pb_use_builder":"on","_et_pb_old_content":"","_et_gb_content_width":"","footnotes":""},"dipi_cpt_category":[],"class_list":["post-2261","page","type-page","status-publish","hentry"],"yoast_head":"<!-- This site is optimized with the Yoast SEO Premium plugin v27.3 (Yoast SEO v27.3) - https:\/\/yoast.com\/product\/yoast-seo-premium-wordpress\/ -->\n<title>CFI - Successful submission | ERP Success Partners<\/title>\n<meta name=\"robots\" content=\"index, follow, max-snippet:-1, max-image-preview:large, max-video-preview:-1\" \/>\n<link rel=\"canonical\" href=\"https:\/\/www.erpsuccesspartners.com\/fr\/cfi-successful-submission\/\" \/>\n<meta property=\"og:locale\" content=\"fr_FR\" \/>\n<meta property=\"og:type\" content=\"article\" \/>\n<meta property=\"og:title\" content=\"CFI - Successful submission\" \/>\n<meta property=\"og:description\" content=\"Thank you for submitting your details to schedule your FREE CFI Suite Demo. Click here to download the CFI Suite Brochure.\" \/>\n<meta property=\"og:url\" content=\"https:\/\/www.erpsuccesspartners.com\/fr\/cfi-successful-submission\/\" \/>\n<meta property=\"og:site_name\" content=\"ERP Success Partners\" \/>\n<meta property=\"article:publisher\" content=\"https:\/\/www.facebook.com\/erpsuccesspartners\/\" \/>\n<meta property=\"article:modified_time\" content=\"2025-02-13T09:34:37+00:00\" \/>\n<meta property=\"og:image\" content=\"https:\/\/www.erpsuccesspartners.com\/wp-content\/uploads\/2019\/11\/erp-logo-color-horizontal.png\" \/>\n\t<meta property=\"og:image:width\" content=\"1600\" \/>\n\t<meta property=\"og:image:height\" content=\"335\" \/>\n\t<meta property=\"og:image:type\" content=\"image\/png\" \/>\n<meta name=\"twitter:card\" content=\"summary_large_image\" \/>\n<meta name=\"twitter:site\" content=\"@successerp\" \/>\n<meta name=\"twitter:label1\" content=\"Dur\u00e9e de lecture estim\u00e9e\" \/>\n\t<meta name=\"twitter:data1\" content=\"2 minutes\" \/>\n<script type=\"application\/ld+json\" class=\"yoast-schema-graph\">{\"@context\":\"https:\\\/\\\/schema.org\",\"@graph\":[{\"@type\":\"WebPage\",\"@id\":\"https:\\\/\\\/www.erpsuccesspartners.com\\\/cfi-successful-submission\\\/\",\"url\":\"https:\\\/\\\/www.erpsuccesspartners.com\\\/cfi-successful-submission\\\/\",\"name\":\"CFI - Successful submission | ERP Success Partners\",\"isPartOf\":{\"@id\":\"https:\\\/\\\/www.erpsuccesspartners.com\\\/#website\"},\"datePublished\":\"2021-02-09T06:16:28+00:00\",\"dateModified\":\"2025-02-13T09:34:37+00:00\",\"breadcrumb\":{\"@id\":\"https:\\\/\\\/www.erpsuccesspartners.com\\\/cfi-successful-submission\\\/#breadcrumb\"},\"inLanguage\":\"fr-FR\",\"potentialAction\":[{\"@type\":\"ReadAction\",\"target\":[\"https:\\\/\\\/www.erpsuccesspartners.com\\\/cfi-successful-submission\\\/\"]}]},{\"@type\":\"BreadcrumbList\",\"@id\":\"https:\\\/\\\/www.erpsuccesspartners.com\\\/cfi-successful-submission\\\/#breadcrumb\",\"itemListElement\":[{\"@type\":\"ListItem\",\"position\":1,\"name\":\"Home\",\"item\":\"https:\\\/\\\/www.erpsuccesspartners.com\\\/\"},{\"@type\":\"ListItem\",\"position\":2,\"name\":\"CFI &#8211; Successful submission\"}]},{\"@type\":\"WebSite\",\"@id\":\"https:\\\/\\\/www.erpsuccesspartners.com\\\/#website\",\"url\":\"https:\\\/\\\/www.erpsuccesspartners.com\\\/\",\"name\":\"ERP Success Partners\",\"description\":\"Driving ROI with Expert NetSuite Solutions.\",\"publisher\":{\"@id\":\"https:\\\/\\\/www.erpsuccesspartners.com\\\/#organization\"},\"potentialAction\":[{\"@type\":\"SearchAction\",\"target\":{\"@type\":\"EntryPoint\",\"urlTemplate\":\"https:\\\/\\\/www.erpsuccesspartners.com\\\/?s={search_term_string}\"},\"query-input\":{\"@type\":\"PropertyValueSpecification\",\"valueRequired\":true,\"valueName\":\"search_term_string\"}}],\"inLanguage\":\"fr-FR\"},{\"@type\":\"Organization\",\"@id\":\"https:\\\/\\\/www.erpsuccesspartners.com\\\/#organization\",\"name\":\"ERP Success Partners, Inc.\",\"url\":\"https:\\\/\\\/www.erpsuccesspartners.com\\\/\",\"logo\":{\"@type\":\"ImageObject\",\"inLanguage\":\"fr-FR\",\"@id\":\"https:\\\/\\\/www.erpsuccesspartners.com\\\/#\\\/schema\\\/logo\\\/image\\\/\",\"url\":\"https:\\\/\\\/www.erpsuccesspartners.com\\\/wp-content\\\/uploads\\\/2023\\\/03\\\/ESP-Icon.png\",\"contentUrl\":\"https:\\\/\\\/www.erpsuccesspartners.com\\\/wp-content\\\/uploads\\\/2023\\\/03\\\/ESP-Icon.png\",\"width\":200,\"height\":200,\"caption\":\"ERP Success Partners, Inc.\"},\"image\":{\"@id\":\"https:\\\/\\\/www.erpsuccesspartners.com\\\/#\\\/schema\\\/logo\\\/image\\\/\"},\"sameAs\":[\"https:\\\/\\\/www.facebook.com\\\/erpsuccesspartners\\\/\",\"https:\\\/\\\/x.com\\\/successerp\",\"https:\\\/\\\/www.instagram.com\\\/erp_success_partners\\\/\",\"https:\\\/\\\/www.linkedin.com\\\/company\\\/erpsuccesspartners\\\/\"]}]}<\/script>\n<!-- \/ Yoast SEO Premium plugin. -->","yoast_head_json":{"title":"CFI - Soumission r\u00e9ussie | ERP Success Partners","robots":{"index":"index","follow":"follow","max-snippet":"max-snippet:-1","max-image-preview":"max-image-preview:large","max-video-preview":"max-video-preview:-1"},"canonical":"https:\/\/www.erpsuccesspartners.com\/fr\/cfi-successful-submission\/","og_locale":"fr_FR","og_type":"article","og_title":"CFI - Successful submission","og_description":"Thank you for submitting your details to schedule your FREE CFI Suite Demo. Click here to download the CFI Suite Brochure.","og_url":"https:\/\/www.erpsuccesspartners.com\/fr\/cfi-successful-submission\/","og_site_name":"ERP Success Partners","article_publisher":"https:\/\/www.facebook.com\/erpsuccesspartners\/","article_modified_time":"2025-02-13T09:34:37+00:00","og_image":[{"width":1600,"height":335,"url":"https:\/\/www.erpsuccesspartners.com\/wp-content\/uploads\/2019\/11\/erp-logo-color-horizontal.png","type":"image\/png"}],"twitter_card":"summary_large_image","twitter_site":"@successerp","twitter_misc":{"Dur\u00e9e de lecture estim\u00e9e":"2 minutes"},"schema":{"@context":"https:\/\/schema.org","@graph":[{"@type":"WebPage","@id":"https:\/\/www.erpsuccesspartners.com\/cfi-successful-submission\/","url":"https:\/\/www.erpsuccesspartners.com\/cfi-successful-submission\/","name":"CFI - Soumission r\u00e9ussie | ERP Success Partners","isPartOf":{"@id":"https:\/\/www.erpsuccesspartners.com\/#website"},"datePublished":"2021-02-09T06:16:28+00:00","dateModified":"2025-02-13T09:34:37+00:00","breadcrumb":{"@id":"https:\/\/www.erpsuccesspartners.com\/cfi-successful-submission\/#breadcrumb"},"inLanguage":"fr-FR","potentialAction":[{"@type":"ReadAction","target":["https:\/\/www.erpsuccesspartners.com\/cfi-successful-submission\/"]}]},{"@type":"BreadcrumbList","@id":"https:\/\/www.erpsuccesspartners.com\/cfi-successful-submission\/#breadcrumb","itemListElement":[{"@type":"ListItem","position":1,"name":"Home","item":"https:\/\/www.erpsuccesspartners.com\/"},{"@type":"ListItem","position":2,"name":"CFI &#8211; Successful submission"}]},{"@type":"WebSite","@id":"https:\/\/www.erpsuccesspartners.com\/#website","url":"https:\/\/www.erpsuccesspartners.com\/","name":"ERP Success Partners","description":"Am\u00e9liorer le retour sur investissement gr\u00e2ce \u00e0 des solutions NetSuite expertes.","publisher":{"@id":"https:\/\/www.erpsuccesspartners.com\/#organization"},"potentialAction":[{"@type":"SearchAction","target":{"@type":"EntryPoint","urlTemplate":"https:\/\/www.erpsuccesspartners.com\/?s={search_term_string}"},"query-input":{"@type":"PropertyValueSpecification","valueRequired":true,"valueName":"search_term_string"}}],"inLanguage":"fr-FR"},{"@type":"Organization","@id":"https:\/\/www.erpsuccesspartners.com\/#organization","name":"Partenaires de r\u00e9ussite ERP, Inc.","url":"https:\/\/www.erpsuccesspartners.com\/","logo":{"@type":"ImageObject","inLanguage":"fr-FR","@id":"https:\/\/www.erpsuccesspartners.com\/#\/schema\/logo\/image\/","url":"https:\/\/www.erpsuccesspartners.com\/wp-content\/uploads\/2023\/03\/ESP-Icon.png","contentUrl":"https:\/\/www.erpsuccesspartners.com\/wp-content\/uploads\/2023\/03\/ESP-Icon.png","width":200,"height":200,"caption":"ERP Success Partners, Inc."},"image":{"@id":"https:\/\/www.erpsuccesspartners.com\/#\/schema\/logo\/image\/"},"sameAs":["https:\/\/www.facebook.com\/erpsuccesspartners\/","https:\/\/x.com\/successerp","https:\/\/www.instagram.com\/erp_success_partners\/","https:\/\/www.linkedin.com\/company\/erpsuccesspartners\/"]}]}},"_links":{"self":[{"href":"https:\/\/www.erpsuccesspartners.com\/fr\/wp-json\/wp\/v2\/pages\/2261","targetHints":{"allow":["GET"]}}],"collection":[{"href":"https:\/\/www.erpsuccesspartners.com\/fr\/wp-json\/wp\/v2\/pages"}],"about":[{"href":"https:\/\/www.erpsuccesspartners.com\/fr\/wp-json\/wp\/v2\/types\/page"}],"author":[{"embeddable":true,"href":"https:\/\/www.erpsuccesspartners.com\/fr\/wp-json\/wp\/v2\/users\/9"}],"replies":[{"embeddable":true,"href":"https:\/\/www.erpsuccesspartners.com\/fr\/wp-json\/wp\/v2\/comments?post=2261"}],"version-history":[{"count":0,"href":"https:\/\/www.erpsuccesspartners.com\/fr\/wp-json\/wp\/v2\/pages\/2261\/revisions"}],"wp:attachment":[{"href":"https:\/\/www.erpsuccesspartners.com\/fr\/wp-json\/wp\/v2\/media?parent=2261"}],"wp:term":[{"taxonomy":"dipi_cpt_category","embeddable":true,"href":"https:\/\/www.erpsuccesspartners.com\/fr\/wp-json\/wp\/v2\/dipi_cpt_category?post=2261"}],"curies":[{"name":"wp","href":"https:\/\/api.w.org\/{rel}","templated":true}]}}